{"id":7,"date":"2020-12-02T02:17:28","date_gmt":"2020-12-02T02:17:28","guid":{"rendered":"https:\/\/fgcsecurity.com\/service\/"},"modified":"2021-01-15T18:01:35","modified_gmt":"2021-01-15T18:01:35","slug":"servicios","status":"publish","type":"page","link":"https:\/\/www.fgcsecurity.com\/viejaweb\/servicios\/","title":{"rendered":"Servicios"},"content":{"rendered":"\n\n\n\nSERVICIOS\n\n\n\n\n\n\n\n\n\nNUESTROS SERVICIOS\n\n\n\n<p style=\"text-align: center;font-size: 14px\">Nuestros servicios est\u00e1n para ayudarlo a identificar y protegerse de posibles ataques<\/p>\n\n\n\n\n\n\n\nNuestras pruebas de seguridad ofensiva le permiten identificar como un verdadero atacante puede tomar sus sistemas, realizando desde evaluaci\u00f3n vulnerabilidades, hasta pruebas espec\u00edficas en base a los modelos operacionales de su organizaci\u00f3n.\n\n\nEn las auditor\u00edas TI realizamos pruebas en base a criterios que su organizaci\u00f3n necesite, que van desde revisiones de cumpliento de marcos normativos, hasta marcos de trabajo internacionales (ej. COBIT, ITIL o ISO 27001)&nbsp;\n\n\nRealizamos entrenamientos y capacitaciones en gesti\u00f3n de riesgos de ciberseguridad para \u00e1reas administrativas y operativas, as\u00ed como entrenamiento para detectar y actuar en caso de ataques\n\n\n\n\n\n<p>QUE NOS HACE ESPECIAL<\/p>\n\n\n\n\n<p style=\"text-align: center;font-size: 14px\">Nos dedicamos a atender las necesidades de organizaciones y personas que tienen poco o nada de conocimiento en ciberseguridad, adaptando a un lenguaje comprensivo los detalles y temas t\u00e9cnicos.<\/p>\n\n\n<p style=\"text-align: center;font-size: 14px\">Realizamos an\u00e1lisis completos de c\u00f3mo un atacante pudiera ingresar a sus sistemas, realizando pruebas automatizadas&nbsp; y manuales adaptadas a su realidad de negocio.<\/p>\n\n\n<p style=\"text-align: center;font-size: 14px\">Nuestros profesionales cuentan con certificaciones internacionales y experiencia en diferentes clientes que permiten asegurar un trabajo de calidad.<\/p>\n\n\n\n\n\n\n\n\n\n\n\n\n\n\n\n","protected":false},"excerpt":{"rendered":"","protected":false},"author":0,"featured_media":0,"parent":0,"menu_order":0,"comment_status":"closed","ping_status":"closed","template":"","meta":{"pagelayer_contact_templates":[],"_pagelayer_content":"","footnotes":""},"class_list":["post-7","page","type-page","status-publish","hentry"],"_links":{"self":[{"href":"https:\/\/www.fgcsecurity.com\/viejaweb\/wp-json\/wp\/v2\/pages\/7"}],"collection":[{"href":"https:\/\/www.fgcsecurity.com\/viejaweb\/wp-json\/wp\/v2\/pages"}],"about":[{"href":"https:\/\/www.fgcsecurity.com\/viejaweb\/wp-json\/wp\/v2\/types\/page"}],"replies":[{"embeddable":true,"href":"https:\/\/www.fgcsecurity.com\/viejaweb\/wp-json\/wp\/v2\/comments?post=7"}],"version-history":[{"count":12,"href":"https:\/\/www.fgcsecurity.com\/viejaweb\/wp-json\/wp\/v2\/pages\/7\/revisions"}],"predecessor-version":[{"id":206,"href":"https:\/\/www.fgcsecurity.com\/viejaweb\/wp-json\/wp\/v2\/pages\/7\/revisions\/206"}],"wp:attachment":[{"href":"https:\/\/www.fgcsecurity.com\/viejaweb\/wp-json\/wp\/v2\/media?parent=7"}],"curies":[{"name":"wp","href":"https:\/\/api.w.org\/{rel}","templated":true}]}}