{"id":10,"date":"2020-12-02T02:17:28","date_gmt":"2020-12-02T02:17:28","guid":{"rendered":"https:\/\/fgcsecurity.com\/home\/"},"modified":"2020-12-08T03:04:15","modified_gmt":"2020-12-08T03:04:15","slug":"home","status":"publish","type":"page","link":"https:\/\/www.fgcsecurity.com\/viejaweb\/","title":{"rendered":"Home"},"content":{"rendered":"\n\n\n\n\n\n\n\n\n\n\n\n\nACERCA DE NOSOTROS\n\n<p style=\"font-size: 14px\">Brindamos servicios a Peque\u00f1as y Medianas empresas (PyME) en ciberseguridad, para ayudarlos a identificar vulnerabilidades de seguridad y prevenir posibles ataques.<\/p>\n\n\n\n\n\n<p>NUESTRA MISI\u00d3N<\/p>\n\n<p style=\"font-size: 14px\">Preparar a las Peque\u00f1as y Medianas Empresas (PyME) a identificar y aprovechar los desaf\u00edos en ciberseguridad, a trav\u00e9s de pruebas de seguridad, implementaci\u00f3n de mecanismos de protecci\u00f3n y capacitaciones a los trabajadores<\/p>\n\n\n\n\n\n\n\n\n\n\n\n\n\n\n\n\nQue nos hace especial\n\n\n\n<p style=\"text-align: center;\"><span style=\"background-color: transparent; font-size: 14px;\"><font color=\"#ffffff\" face=\"poppins\">Nos dedicamos a atender las necesidades de organizaciones y personas que tienen poco o nada de conocimiento en ciberseguridad, adaptando los detalles y temas t\u00e9cnicos a un lenguaje comprensivo.<\/font><\/span><\/p>\n\n\n<p style=\"text-align: center;font-size: 14px\">Realizamos an\u00e1lisis completos de como un atacante pudiera ingresar a sus sistemas, realizando pruebas automatizadas&nbsp; y pruebas manuales adaptadas a su realidad de negocio.<\/p>\n\n\n<p style=\"text-align: center;font-size: 14px\">Nuestros profesionales cuentan con certificaciones internacionales y experiencia en otros clientes que permiten asegurar un trabajo de calidad.<\/p>\n\n\n\n\n\n\n\n\nNUESTROS SERVICIOS\n\n<p style=\"text-align: center;font-size: 14px\">Desde pruebas de seguridad de como un verdadero atacante puede tomar sus sistemas, hasta capacitaciones a su personal para disminuir la probabilidad de caer en trampas de ciberseguridad<\/p>\n\n\n\n\n\n\n\n\n\n\n\n\n\n\n\n\n\n\n\n\n\n\n\n\n\n\n\n\n\n\n\n\n\n\n\n\n\n\n\n\n\n\n\n<p>por qu\u00e9 escogernos<\/p>\n\n<p style=\"text-align: center;font-size: 14px\">Constantemente nos estamos adaptando y preparando a los nuevos desaf\u00edos y vulnerabilidades que van surgiendo cada d\u00eda, entregando actualizaciones a nuestros clientes.<\/p>\n\n\n\n\n\n\n<p style=\"font-size: 14px\">Nuestros procesos se basan en calidad de servicios enfocado a lo que usted necesita proteger<\/p>\n\n\n<p style=\"font-size: 14px\">Diariamente estamos actualizando nuestros procedimientos y herramientas para adaptarnos a las nuevas amenazas y vulnerabilidades que van apareciendo<\/p>\n\n\n<p style=\"font-size: 14px\">Nuestros profesionales cuentan con amplia experiencia en diferentes tecnolog\u00edas y se encuentran certificados internacionalmente para realizar las pruebas de seguridad&nbsp;<\/p>\n\n\n\n\n\n\n\n\n\n\n\n\n\n\n\n<p>QUE DICE LA GENTE<\/p>\n\n\n\n\n\n\n\n\n\n\n<p style=\"text-align: left;font-size: 14px\">Excepteur sint occaecat cupidatat non proident, suntin culpa qui officia deserunt mollit animid est laborum.Phasellus imperdiet lacinia nulla, malesuada semper nibh sodales quis, Duis viverra ipsum dictum.<\/p>\n\n\n\n\n\n\n\n\n\n<p style=\"text-align: left;font-size: 14px\">Excepteur sint occaecat cupidatat non proident, suntin culpa qui officia deserunt mollit animid est laborum.Phasellus imperdiet lacinia nulla, malesuada semper nibh sodales quis, Duis viverra ipsum dictum.<\/p>\n\n\n\n\n\n\n\n\n\n<p style=\"text-align: left;font-size: 14px\">Excepteur sint occaecat cupidatat non proident, suntin culpa qui officia deserunt mollit animid est laborum.Phasellus imperdiet lacinia nulla, malesuada semper nibh sodales quis, Duis viverra ipsum dictum.<\/p>\n\n\n\n\n","protected":false},"excerpt":{"rendered":"","protected":false},"author":0,"featured_media":0,"parent":0,"menu_order":0,"comment_status":"closed","ping_status":"closed","template":"","meta":{"pagelayer_contact_templates":[],"_pagelayer_content":"","footnotes":""},"class_list":["post-10","page","type-page","status-publish","hentry"],"_links":{"self":[{"href":"https:\/\/www.fgcsecurity.com\/viejaweb\/wp-json\/wp\/v2\/pages\/10"}],"collection":[{"href":"https:\/\/www.fgcsecurity.com\/viejaweb\/wp-json\/wp\/v2\/pages"}],"about":[{"href":"https:\/\/www.fgcsecurity.com\/viejaweb\/wp-json\/wp\/v2\/types\/page"}],"replies":[{"embeddable":true,"href":"https:\/\/www.fgcsecurity.com\/viejaweb\/wp-json\/wp\/v2\/comments?post=10"}],"version-history":[{"count":11,"href":"https:\/\/www.fgcsecurity.com\/viejaweb\/wp-json\/wp\/v2\/pages\/10\/revisions"}],"predecessor-version":[{"id":157,"href":"https:\/\/www.fgcsecurity.com\/viejaweb\/wp-json\/wp\/v2\/pages\/10\/revisions\/157"}],"wp:attachment":[{"href":"https:\/\/www.fgcsecurity.com\/viejaweb\/wp-json\/wp\/v2\/media?parent=10"}],"curies":[{"name":"wp","href":"https:\/\/api.w.org\/{rel}","templated":true}]}}